{"id":22,"date":"2015-11-01T09:27:13","date_gmt":"2015-11-01T09:27:13","guid":{"rendered":"http:\/\/kristianthorsager.com\/?page_id=22"},"modified":"2026-03-23T11:31:59","modified_gmt":"2026-03-23T11:31:59","slug":"live-dates","status":"publish","type":"page","link":"https:\/\/kristianthorsager.com\/?page_id=22","title":{"rendered":"Live events"},"content":{"rendered":"\n<hr class=\"wp-block-separator has-alpha-channel-opacity\"\/>\n\n\n\n<p class=\"has-medium-font-size\"><strong>Cacao ceremoni, Quantum healing og koncert med Daviid Becker<\/strong><\/p>\n\n\n\n<p>TIRSDAG DEN 14. april 2026 19.30 &#8211; 21.30<\/p>\n\n\n\n<p>RUDOLPH STEINER SEMINARIET, JOHANNEVEJ 20, 2920 CHARLOTTENLUND<\/p>\n\n\n\n<figure class=\"wp-block-embed is-type-wp-embed is-provider-daviid-arthur-becker wp-block-embed-daviid-arthur-becker\"><div class=\"wp-block-embed__wrapper\">\n<blockquote class=\"wp-embedded-content\" data-secret=\"ixbtdQNkPf\"><a href=\"https:\/\/www.soham.dk\/workshops\/\">Workshops<\/a><\/blockquote><iframe loading=\"lazy\" class=\"wp-embedded-content\" sandbox=\"allow-scripts\" security=\"restricted\" style=\"position: absolute; visibility: hidden;\" title=\"&#8220;Workshops&#8221; &#8212; Daviid Arthur Becker\" src=\"https:\/\/www.soham.dk\/workshops\/embed\/#?secret=WKROPcLDzL#?secret=ixbtdQNkPf\" data-secret=\"ixbtdQNkPf\" width=\"600\" height=\"338\" frameborder=\"0\" marginwidth=\"0\" marginheight=\"0\" scrolling=\"no\"><\/iframe>\n<\/div><\/figure>\n\n\n\n<hr class=\"wp-block-separator has-alpha-channel-opacity\"\/>\n\n\n\n<p class=\"has-medium-font-size\">Blid Yoga og live musik med Karina Bargholz (K\u00f8ge)<\/p>\n\n\n\n<p>S\u00f8ndag den 26. april kl. 13-16 i Yam Yam Yogastudio<\/p>\n\n\n\n<figure class=\"wp-block-embed is-type-wp-embed is-provider-yamyam wp-block-embed-yamyam\"><div class=\"wp-block-embed__wrapper\">\n<blockquote class=\"wp-embedded-content\" data-secret=\"WObiiwVoDT\"><a href=\"https:\/\/yamyam.dk\/fordybelse\/\">Fordybelse<\/a><\/blockquote><iframe loading=\"lazy\" class=\"wp-embedded-content\" sandbox=\"allow-scripts\" security=\"restricted\" style=\"position: absolute; visibility: hidden;\" title=\"&#8220;Fordybelse&#8221; &#8212; YamYam\" src=\"https:\/\/yamyam.dk\/fordybelse\/embed\/#?secret=WObiiwVoDT\" data-secret=\"WObiiwVoDT\" width=\"600\" height=\"338\" frameborder=\"0\" marginwidth=\"0\" marginheight=\"0\" scrolling=\"no\"><\/iframe>\n<\/div><\/figure>\n\n\n\n<hr class=\"wp-block-separator has-alpha-channel-opacity\"\/>\n\n\n\n<p class=\"has-medium-font-size\"><strong>Lyden af Yin med Anne Goncalves (Vejle)<\/strong><\/p>\n\n\n\n<p>L\u00f8rdag den 2. maj 14-16.30 i Laden Yoga og Pilates. Pris 550,- kr<\/p>\n\n\n\n<p><a href=\"https:\/\/annegoncalves.com\/yoga-events\/lyden-af-yin-maj-2026\">https:\/\/annegoncalves.com\/yoga-events\/lyden-af-yin-maj-2026<\/a><\/p>\n\n\n\n<hr class=\"wp-block-separator has-alpha-channel-opacity\"\/>\n\n\n\n<p class=\"has-medium-font-size\"><strong>Yin Yoga og Live Meditations Musik med Maria Engsbye N\u00f8rgaard<\/strong> <strong>(Odense)<\/strong><\/p>\n\n\n\n<p>S\u00f8ndag den 3. maj kl. 14-16.30 i Nordisk Yoga<\/p>\n\n\n\n<p><a href=\"https:\/\/kurser.nordiskyoga.dk\/kurser-tilmelding\/?category=616&amp;course=62252\">https:\/\/kurser.nordiskyoga.dk\/kurser-tilmelding\/?category=616&amp;course=62252<\/a><\/p>\n\n\n\n<hr class=\"wp-block-separator has-alpha-channel-opacity\"\/>\n\n\n\n<p class=\"has-medium-font-size\"><strong>N\u00c5R KROPPEN LYTTER<\/strong><\/p>\n\n\n\n<p>Fredag den 29. maj med Hanneloa Rose J\u00f8rgensen, Yoga rummet Indre by.<\/p>\n\n\n\n<p class=\"has-medium-font-size\"><a href=\"https:\/\/www.yogarummetindreby.dk\/kurser-retreats\">https:\/\/www.yogarummetindreby.dk\/kurser-retreats<\/a><\/p>\n\n\n\n<hr class=\"wp-block-separator has-alpha-channel-opacity\"\/>\n\n\n\n<p><strong>Yin Yoga og live musik med Connie Gorming.<\/strong><\/p>\n\n\n\n<p>S\u00f8ndag den 31. 5 kl. 15-17.30 i Salig Kbh.\u00d8<\/p>\n\n\n\n<p><a href=\"https:\/\/www.facebook.com\/events\/1896799904304673\">https:\/\/www.facebook.com\/events\/1896799904304673<\/a><\/p>\n","protected":false},"excerpt":{"rendered":"<p>Cacao ceremoni, Quantum healing og koncert med Daviid Becker TIRSDAG DEN 14. april 2026 19.30 &#8211; 21.30 RUDOLPH STEINER SEMINARIET, JOHANNEVEJ 20, 2920 CHARLOTTENLUND Workshops Blid Yoga og live musik med Karina Bargholz (K\u00f8ge) S\u00f8ndag den 26. april kl. 13-16 i Yam Yam Yogastudio Fordybelse Lyden af Yin med Anne Goncalves (Vejle) L\u00f8rdag den 2&#8230;. <\/p>\n<div class=\"read-more navbutton\"><a href=\"https:\/\/kristianthorsager.com\/?page_id=22\">Read More<i class=\"fa fa-angle-double-right\"><\/i><\/a><\/div>\n","protected":false},"author":1,"featured_media":0,"parent":0,"menu_order":0,"comment_status":"open","ping_status":"open","template":"","meta":{"footnotes":""},"class_list":["post-22","page","type-page","status-publish","hentry"],"_links":{"self":[{"href":"https:\/\/kristianthorsager.com\/index.php?rest_route=\/wp\/v2\/pages\/22","targetHints":{"allow":["GET"]}}],"collection":[{"href":"https:\/\/kristianthorsager.com\/index.php?rest_route=\/wp\/v2\/pages"}],"about":[{"href":"https:\/\/kristianthorsager.com\/index.php?rest_route=\/wp\/v2\/types\/page"}],"author":[{"embeddable":true,"href":"https:\/\/kristianthorsager.com\/index.php?rest_route=\/wp\/v2\/users\/1"}],"replies":[{"embeddable":true,"href":"https:\/\/kristianthorsager.com\/index.php?rest_route=%2Fwp%2Fv2%2Fcomments&post=22"}],"version-history":[{"count":150,"href":"https:\/\/kristianthorsager.com\/index.php?rest_route=\/wp\/v2\/pages\/22\/revisions"}],"predecessor-version":[{"id":981,"href":"https:\/\/kristianthorsager.com\/index.php?rest_route=\/wp\/v2\/pages\/22\/revisions\/981"}],"wp:attachment":[{"href":"https:\/\/kristianthorsager.com\/index.php?rest_route=%2Fwp%2Fv2%2Fmedia&parent=22"}],"curies":[{"name":"wp","href":"https:\/\/api.w.org\/{rel}","templated":true}]}}