{"id":26,"date":"2015-11-01T09:28:15","date_gmt":"2015-11-01T09:28:15","guid":{"rendered":"http:\/\/kristianthorsager.com\/?page_id=26"},"modified":"2024-08-16T08:22:39","modified_gmt":"2024-08-16T08:22:39","slug":"shop","status":"publish","type":"page","link":"https:\/\/kristianthorsager.com\/?page_id=26","title":{"rendered":"Shop"},"content":{"rendered":"<h1>Order CD\u00b4s here:<\/h1>\n<h2>Hvis du gerne vil have musikken p\u00e5 cd, kan jeg selv br\u00e6nde cd\u00e9r til dig (uden cover label) og sende den til dig.<\/h2>\n<h2>Jeg kan ogs\u00e5 sende dig mp3 filer p\u00e5 mail (skriv email).<\/h2>\n<h2>Bestil nedenfor:<\/h2>\n<h2>If you would like to buy the music on a CD, I can burn one for you myself (without label print) and send it to you.<\/h2>\n<h2>I can also send the files on email as MP3 files (write an email to me).<\/h2>\n<h2>Order below:<\/h2>\n<h2>Email: kristianthorsager@gmail.com<\/h2>\n<h2>Hvis du vil betale med mobile pay (Denmark only) kan du bestille cd\u00e9n\u00a0med &#8220;direct bank transfer&#8221; mulighed som betaling i din bestiling, og derefter bruge almindelig mobile pay som betalings metode.<\/h2>\n\n\n<p><\/p>\n","protected":false},"excerpt":{"rendered":"<p>Order CD\u00b4s here: Hvis du gerne vil have musikken p\u00e5 cd, kan jeg selv br\u00e6nde cd\u00e9r til dig (uden cover label) og sende den til dig. Jeg kan ogs\u00e5 sende dig mp3 filer p\u00e5 mail (skriv email). Bestil nedenfor: If you would like to buy the music on a CD, I can burn one for&#8230; <\/p>\n<div class=\"read-more navbutton\"><a href=\"https:\/\/kristianthorsager.com\/?page_id=26\">Read More<i class=\"fa fa-angle-double-right\"><\/i><\/a><\/div>\n","protected":false},"author":1,"featured_media":0,"parent":0,"menu_order":0,"comment_status":"open","ping_status":"open","template":"","meta":{"footnotes":""},"class_list":["post-26","page","type-page","status-publish","hentry"],"_links":{"self":[{"href":"https:\/\/kristianthorsager.com\/index.php?rest_route=\/wp\/v2\/pages\/26","targetHints":{"allow":["GET"]}}],"collection":[{"href":"https:\/\/kristianthorsager.com\/index.php?rest_route=\/wp\/v2\/pages"}],"about":[{"href":"https:\/\/kristianthorsager.com\/index.php?rest_route=\/wp\/v2\/types\/page"}],"author":[{"embeddable":true,"href":"https:\/\/kristianthorsager.com\/index.php?rest_route=\/wp\/v2\/users\/1"}],"replies":[{"embeddable":true,"href":"https:\/\/kristianthorsager.com\/index.php?rest_route=%2Fwp%2Fv2%2Fcomments&post=26"}],"version-history":[{"count":45,"href":"https:\/\/kristianthorsager.com\/index.php?rest_route=\/wp\/v2\/pages\/26\/revisions"}],"predecessor-version":[{"id":854,"href":"https:\/\/kristianthorsager.com\/index.php?rest_route=\/wp\/v2\/pages\/26\/revisions\/854"}],"wp:attachment":[{"href":"https:\/\/kristianthorsager.com\/index.php?rest_route=%2Fwp%2Fv2%2Fmedia&parent=26"}],"curies":[{"name":"wp","href":"https:\/\/api.w.org\/{rel}","templated":true}]}}